{"id":39564,"date":"2026-02-10T11:10:15","date_gmt":"2026-02-10T10:10:15","guid":{"rendered":"https:\/\/eh.si\/?page_id=39564"},"modified":"2026-02-10T11:16:20","modified_gmt":"2026-02-10T10:16:20","slug":"termini-e-condizioni","status":"publish","type":"page","link":"https:\/\/eh.si\/it\/termini-e-condizioni\/","title":{"rendered":"Termini e condizioni"},"content":{"rendered":"\r\n<h3 class=\"wp-block-heading\" data-start=\"4943\" data-end=\"4959\">BUONI REGALO<\/h3>\r\n<p>Termini e condizioni per l\u2019acquisto e l\u2019utilizzo dei buoni regalo della societ\u00e0 Eurotas Hoteli d.o.o. (di seguito: Eurotas Hoteli):<\/p>\r\n<ul>\r\n<li>I buoni regalo possono essere utilizzati integralmente o come pagamento parziale per il soggiorno presso le unit\u00e0 operative di Eurotas Hoteli, previa disponibilit\u00e0 della struttura scelta.<\/li>\r\n<li>Tutti i pernottamenti o altri servizi pagati con un buono regalo devono essere prenotati in anticipo tramite il Servizio Prenotazioni di Eurotas Hoteli. Il buono regalo deve essere presentato al momento della prenotazione e all\u2019arrivo in hotel, prima dell\u2019utilizzo dei servizi.<\/li>\r\n<li>Il buono regalo pu\u00f2 essere utilizzato per intero al suo valore nominale come pagamento per pernottamenti o altri servizi.<\/li>\r\n<li>I buoni regalo non possono essere convertiti in denaro, n\u00e9 parzialmente n\u00e9 totalmente.<\/li>\r\n<li>La validit\u00e0 del buono regalo \u00e8 indicata sul buono stesso oppure \u00e8 valida per un massimo di sei (6) mesi dalla data di emissione. Dopo la scadenza, il buono non pu\u00f2 essere utilizzato, salvo che il cliente contatti Eurotas Hoteli prima della scadenza o presenti documentazione medica che giustifichi l\u2019impossibilit\u00e0 di utilizzo.<\/li>\r\n<li>Eurotas Hoteli non si assume alcuna responsabilit\u00e0 per la perdita o il furto dei buoni regalo. I buoni regalo non saranno sostituiti se persi, danneggiati, rubati, scaduti o ritenuti non validi. I buoni modificati, fotocopiati o riprodotti sono nulli.<\/li>\r\n<li>Eurotas Hoteli non \u00e8 responsabile per eventuali obblighi fiscali aggiuntivi derivanti dal possesso di un buono regalo da parte del destinatario.<\/li>\r\n<li>Un buono regalo \u00e8 considerato valido solo se riporta chiaramente il numero del buono, la firma e il timbro ufficiale dell\u2019azienda.<\/li>\r\n<li>Eurotas Hoteli si riserva il diritto di rifiutare buoni regalo danneggiati o alterati.<\/li>\r\n<li>Le unit\u00e0 operative di Eurotas Hoteli si riservano il diritto di richiedere un deposito tramite carta di credito al momento della prenotazione.<\/li>\r\n<li>Qualora il valore del buono regalo non copra l\u2019intero costo di alloggio, cibo, bevande o altri servizi forniti da Eurotas Hoteli, il saldo restante dovr\u00e0 essere pagato in contanti o con carta di credito valida. Eurotas Hoteli si riserva il diritto di richiedere un deposito al momento della prenotazione.<\/li>\r\n<li>Eurotas Hoteli si riserva il diritto di modificare i presenti termini e condizioni senza preavviso.<\/li>\r\n<\/ul>","protected":false},"excerpt":{"rendered":"<p>BUONI REGALO Termini e condizioni per l\u2019acquisto e l\u2019utilizzo dei buoni regalo della societ\u00e0 Eurotas Hoteli d.o.o. (di seguito: Eurotas&#8230;<\/p>\n","protected":false},"author":3,"featured_media":0,"parent":0,"menu_order":0,"comment_status":"closed","ping_status":"closed","template":"","meta":{"footnotes":""},"class_list":["post-39564","page","type-page","status-publish"],"_links":{"self":[{"href":"https:\/\/eh.si\/it\/wp-json\/wp\/v2\/pages\/39564","targetHints":{"allow":["GET"]}}],"collection":[{"href":"https:\/\/eh.si\/it\/wp-json\/wp\/v2\/pages"}],"about":[{"href":"https:\/\/eh.si\/it\/wp-json\/wp\/v2\/types\/page"}],"author":[{"embeddable":true,"href":"https:\/\/eh.si\/it\/wp-json\/wp\/v2\/users\/3"}],"replies":[{"embeddable":true,"href":"https:\/\/eh.si\/it\/wp-json\/wp\/v2\/comments?post=39564"}],"version-history":[{"count":3,"href":"https:\/\/eh.si\/it\/wp-json\/wp\/v2\/pages\/39564\/revisions"}],"predecessor-version":[{"id":39576,"href":"https:\/\/eh.si\/it\/wp-json\/wp\/v2\/pages\/39564\/revisions\/39576"}],"wp:attachment":[{"href":"https:\/\/eh.si\/it\/wp-json\/wp\/v2\/media?parent=39564"}],"curies":[{"name":"wp","href":"https:\/\/api.w.org\/{rel}","templated":true}]}}