{"id":39563,"date":"2026-02-10T11:10:15","date_gmt":"2026-02-10T10:10:15","guid":{"rendered":"https:\/\/eh.si\/?page_id=39563"},"modified":"2026-02-10T11:15:27","modified_gmt":"2026-02-10T10:15:27","slug":"allgemeine-geschaeftsbedingungen","status":"publish","type":"page","link":"https:\/\/eh.si\/de\/allgemeine-geschaeftsbedingungen\/","title":{"rendered":"Allgemeine Gesch\u00e4ftsbedingungen"},"content":{"rendered":"\r\n<h3 class=\"wp-block-heading\">GESCHENKGUTSCHEINE<\/h3>\r\n<p>Allgemeine Gesch\u00e4ftsbedingungen f\u00fcr den Kauf und die Nutzung von Geschenkgutscheinen der Eurotas Hoteli d.o.o. (nachfolgend: Eurotas Hoteli):<\/p>\r\n<ul>\r\n<li>Geschenkgutscheine k\u00f6nnen vollst\u00e4ndig oder als Teilzahlung f\u00fcr \u00dcbernachtungen in den Gesch\u00e4ftseinheiten von Eurotas Hoteli eingel\u00f6st werden. Die Einl\u00f6sung ist abh\u00e4ngig von der Verf\u00fcgbarkeit der jeweiligen Gesch\u00e4ftseinheit.<\/li>\r\n<li>Alle \u00dcbernachtungen oder sonstigen Leistungen, die mit einem Geschenkgutschein bezahlt werden, m\u00fcssen im Voraus \u00fcber den Reservierungsservice von Eurotas Hoteli gebucht werden. Der Geschenkgutschein ist bei der Reservierung sowie bei der Ankunft im Hotel vor Inanspruchnahme der Leistungen vorzulegen.<\/li>\r\n<li>Der Geschenkgutschein kann in voller H\u00f6he seines Nennwertes als Zahlungsmittel f\u00fcr \u00dcbernachtungen oder andere Leistungen verwendet werden.<br \/>Eine Barauszahlung des Geschenkgutscheins ist weder teilweise noch vollst\u00e4ndig m\u00f6glich.<\/li>\r\n<li>Die G\u00fcltigkeit des Geschenkgutscheins ist auf dem Gutschein vermerkt oder betr\u00e4gt maximal sechs (6) Monate ab Ausstellungsdatum. Nach Ablauf der G\u00fcltigkeit kann der Gutschein nicht mehr eingel\u00f6st werden, es sei denn, der Gast nimmt vor Ablauf Kontakt auf oder legt medizinische Unterlagen vor, die eine Nutzung verhindert haben.<\/li>\r\n<li>Eurotas Hoteli \u00fcbernimmt keine Haftung f\u00fcr verlorene oder gestohlene Geschenkgutscheine. Geschenkgutscheine werden nicht ersetzt, wenn sie verloren, besch\u00e4digt, gestohlen, abgelaufen oder ung\u00fcltig sind. Ver\u00e4nderte, kopierte oder reproduzierte Gutscheine sind ung\u00fcltig.<\/li>\r\n<li>Eurotas Hoteli \u00fcbernimmt keine Verantwortung f\u00fcr etwaige steuerliche Verpflichtungen, die dem Empf\u00e4nger durch den Besitz eines Geschenkgutscheins entstehen k\u00f6nnten.<\/li>\r\n<li>Ein Geschenkgutschein gilt nur dann als g\u00fcltig, wenn die Gutscheinnummer, die Unterschrift und der Firmenstempel deutlich sichtbar sind.<\/li>\r\n<li>Eurotas Hoteli beh\u00e4lt sich das Recht vor, besch\u00e4digte oder entstellte Geschenkgutscheine abzulehnen.<\/li>\r\n<li>Die Gesch\u00e4ftseinheiten von Eurotas Hoteli behalten sich das Recht vor, bei der Reservierung eine Kreditkartenanzahlung zu verlangen.<\/li>\r\n<li>Deckt der Wert des Geschenkgutscheins nicht die gesamten Kosten f\u00fcr Unterkunft, Speisen, Getr\u00e4nke oder andere Leistungen von Eurotas Hoteli, ist der Differenzbetrag in bar oder per g\u00fcltiger Kreditkarte zu begleichen. Eurotas Hoteli beh\u00e4lt sich das Recht vor, bei der Reservierung eine Anzahlung zu verlangen.<\/li>\r\n<li>Eurotas Hoteli beh\u00e4lt sich das Recht vor, diese Bedingungen ohne vorherige Ank\u00fcndigung zu \u00e4ndern.<\/li>\r\n<\/ul>","protected":false},"excerpt":{"rendered":"<p>GESCHENKGUTSCHEINE Allgemeine Gesch\u00e4ftsbedingungen f\u00fcr den Kauf und die Nutzung von Geschenkgutscheinen der Eurotas Hoteli d.o.o. (nachfolgend: Eurotas Hoteli): Geschenkgutscheine k\u00f6nnen&#8230;<\/p>\n","protected":false},"author":3,"featured_media":0,"parent":0,"menu_order":0,"comment_status":"closed","ping_status":"closed","template":"","meta":{"footnotes":""},"class_list":["post-39563","page","type-page","status-publish"],"_links":{"self":[{"href":"https:\/\/eh.si\/de\/wp-json\/wp\/v2\/pages\/39563","targetHints":{"allow":["GET"]}}],"collection":[{"href":"https:\/\/eh.si\/de\/wp-json\/wp\/v2\/pages"}],"about":[{"href":"https:\/\/eh.si\/de\/wp-json\/wp\/v2\/types\/page"}],"author":[{"embeddable":true,"href":"https:\/\/eh.si\/de\/wp-json\/wp\/v2\/users\/3"}],"replies":[{"embeddable":true,"href":"https:\/\/eh.si\/de\/wp-json\/wp\/v2\/comments?post=39563"}],"version-history":[{"count":4,"href":"https:\/\/eh.si\/de\/wp-json\/wp\/v2\/pages\/39563\/revisions"}],"predecessor-version":[{"id":39575,"href":"https:\/\/eh.si\/de\/wp-json\/wp\/v2\/pages\/39563\/revisions\/39575"}],"wp:attachment":[{"href":"https:\/\/eh.si\/de\/wp-json\/wp\/v2\/media?parent=39563"}],"curies":[{"name":"wp","href":"https:\/\/api.w.org\/{rel}","templated":true}]}}