{"id":35528,"date":"2025-12-29T17:35:44","date_gmt":"2025-12-29T16:35:44","guid":{"rendered":"https:\/\/eh.si\/?page_id=35528"},"modified":"2025-12-30T09:04:04","modified_gmt":"2025-12-30T08:04:04","slug":"trinkwasser-im-hotel-kranjska-gora","status":"publish","type":"page","link":"https:\/\/eh.si\/de\/trinkwasser-im-hotel-kranjska-gora\/","title":{"rendered":"Trinkwasser im Hotel Kranjska Gora"},"content":{"rendered":"\t\t<div data-elementor-type=\"wp-page\" data-elementor-id=\"35528\" class=\"elementor elementor-35528 elementor-35526\" data-elementor-post-type=\"page\">\n\t\t\t\t\t\t<section class=\"elementor-section elementor-top-section elementor-element elementor-element-f16d6fe elementor-section-full_width elementor-section-height-default elementor-section-height-default\" data-id=\"f16d6fe\" data-element_type=\"section\" data-e-type=\"section\" data-settings=\"{&quot;background_background&quot;:&quot;classic&quot;}\">\r\n\t\t\t\t\t\t\t<div class=\"elementor-background-overlay\"><\/div>\r\n\t\t\t\t\t\t\t<div class=\"elementor-container elementor-column-gap-no\"><div class=\"elementor-row\">\r\n\t\t\t\t\t<div class=\"elementor-column elementor-col-100 elementor-top-column elementor-element elementor-element-b0d7466\" data-id=\"b0d7466\" data-element_type=\"column\" data-e-type=\"column\">\n\t\t\t<div class=\"elementor-widget-wrap elementor-element-populated\">\n\t\t\t\t\t\t<section class=\"elementor-section elementor-inner-section elementor-element elementor-element-b6c76ba elementor-section-boxed elementor-section-height-default elementor-section-height-default\" data-id=\"b6c76ba\" data-element_type=\"section\" data-e-type=\"section\">\r\n\t\t\t\t\t\t<div class=\"elementor-container elementor-column-gap-thegem\"><div class=\"elementor-row\">\r\n\t\t\t\t\t<div class=\"elementor-column elementor-col-100 elementor-inner-column elementor-element elementor-element-d9b89c1\" data-id=\"d9b89c1\" data-element_type=\"column\" data-e-type=\"column\">\n\t\t\t<div class=\"elementor-widget-wrap elementor-element-populated\">\n\t\t\t\t\t\t<div class=\"elementor-element elementor-element-d1720d5 flex-horizontal-align-default flex-horizontal-align-tablet-default flex-horizontal-align-mobile-default flex-vertical-align-default flex-vertical-align-tablet-default flex-vertical-align-mobile-default elementor-invisible elementor-widget elementor-widget-heading\" data-id=\"d1720d5\" data-element_type=\"widget\" data-e-type=\"widget\" data-settings=\"{&quot;_animation&quot;:&quot;fadeInDown&quot;}\" data-widget_type=\"heading.default\">\n\t\t\t\t<div class=\"elementor-widget-container\">\n\t\t\t\t\t<h2 class=\"elementor-heading-title elementor-size-default\">Plan zur Information der Nutzer von Trinkwasser im internen Wasserversorgungssystem<\/h2>\t\t\t\t<\/div>\n\t\t\t\t<\/div>\n\t\t\t\t<div class=\"elementor-element elementor-element-7e002a5 elementor-widget-divider--view-line flex-horizontal-align-default flex-horizontal-align-tablet-default flex-horizontal-align-mobile-default flex-vertical-align-default flex-vertical-align-tablet-default flex-vertical-align-mobile-default elementor-invisible elementor-widget elementor-widget-divider\" data-id=\"7e002a5\" data-element_type=\"widget\" data-e-type=\"widget\" data-settings=\"{&quot;_animation&quot;:&quot;fadeInLeft&quot;}\" data-widget_type=\"divider.default\">\n\t\t\t\t<div class=\"elementor-widget-container\">\n\t\t\t\t\t\t\t<div class=\"elementor-divider\">\n\t\t\t<span class=\"elementor-divider-separator\">\n\t\t\t\t\t\t<\/span>\n\t\t<\/div>\n\t\t\t\t\t\t<\/div>\n\t\t\t\t<\/div>\n\t\t\t\t\t<\/div>\n\t\t<\/div>\n\t\t\t\t\t<\/div><\/div>\r\n\t\t<\/section>\r\n\t\t\t\t<div class=\"elementor-element elementor-element-e5a35a3 flex-horizontal-align-default flex-horizontal-align-tablet-default flex-horizontal-align-mobile-default flex-vertical-align-default flex-vertical-align-tablet-default flex-vertical-align-mobile-default elementor-widget elementor-widget-spacer\" data-id=\"e5a35a3\" data-element_type=\"widget\" data-e-type=\"widget\" data-widget_type=\"spacer.default\">\n\t\t\t\t<div class=\"elementor-widget-container\">\n\t\t\t\t\t\t\t<div class=\"elementor-spacer\">\n\t\t\t<div class=\"elementor-spacer-inner\"><\/div>\n\t\t<\/div>\n\t\t\t\t\t\t<\/div>\n\t\t\t\t<\/div>\n\t\t\t\t\t<\/div>\n\t\t<\/div>\n\t\t\t\t\t<\/div><\/div>\r\n\t\t<\/section>\r\n\t\t<div class=\"elementor-element elementor-element-f0551ec thegem-e-con-layout-thegem e-flex e-con-boxed e-con e-parent\" data-id=\"f0551ec\" data-element_type=\"container\" data-e-type=\"container\" data-settings=\"{&quot;thegem_container_layout&quot;:&quot;thegem&quot;}\">\r\n\t\t\t\t\t<div class=\"e-con-inner\">\r\n\t\t\t\t<div class=\"elementor-element elementor-element-ea51967 flex-horizontal-align-default flex-horizontal-align-tablet-default flex-horizontal-align-mobile-default flex-vertical-align-default flex-vertical-align-tablet-default flex-vertical-align-mobile-default elementor-widget elementor-widget-text-editor\" data-id=\"ea51967\" data-element_type=\"widget\" data-e-type=\"widget\" data-widget_type=\"text-editor.default\">\n\t\t\t\t<div class=\"elementor-widget-container\">\n\t\t\t\t\t\t\t\t\t\t\t\t<div class=\"elementor-text-editor elementor-clearfix\">\r\n\t\t\t\t\t\t<p data-start=\"0\" data-end=\"487\">\u00a0<\/p><p data-start=\"0\" data-end=\"487\"><strong data-start=\"0\" data-end=\"117\">PLAN ZUR INFORMATION DER NUTZER VON TRINKWASSER IM INDIVIDUELLEN WASSERVERSORGUNGSSYSTEM DES HOTELS KRANJSKA GORA<br \/><\/strong><br data-start=\"117\" data-end=\"120\" \/>Gem\u00e4\u00df der Verordnung \u00fcber Trinkwasser (Amtsblatt der RS Nr. 60\/2023, 70\/2024) und der Anleitung \u00fcber die Art der Information (Amtsblatt der RS Nr. 109\/2023) haben wir eine Mitteilung \u00fcber die Arten der Information der Trinkwassernutzer im Jahr 2025 erstellt.<br \/><br data-start=\"378\" data-end=\"381\" \/>INFORMATION DER \u00d6FFENTLICHKEIT GEM\u00c4SS DER VERORDNUNG \u00dcBER TRINKWASSER (Amtsblatt der RS Nr. 61\/2023)<\/p><p data-start=\"489\" data-end=\"767\"><strong data-start=\"489\" data-end=\"595\">1.) Identifikation des Betreibers des individuellen Wasserversorgungssystems P.E. Hotel Kranjska Gora:<br \/><\/strong><br data-start=\"595\" data-end=\"598\" \/>Name: Eurotas Hoteli d.o.o., Krekov Trg 4, 3000 Celje<br data-start=\"651\" data-end=\"654\" \/>Steuernummer: SI17733332<br data-start=\"678\" data-end=\"681\" \/>Registrierungsnummer: 6618952000<br data-start=\"713\" data-end=\"716\" \/>Telefonnummer: 08 2010420<br data-start=\"741\" data-end=\"744\" \/>E-Mail: <a class=\"decorated-link cursor-pointer\" rel=\"noopener\" data-start=\"752\" data-end=\"765\">booking@eh.si<\/a><\/p><p data-start=\"769\" data-end=\"2037\"><strong data-start=\"769\" data-end=\"815\">2.) Identifikation des Versorgungsgebietes<br \/><\/strong><br data-start=\"815\" data-end=\"818\" \/>Die Brunnenbohrung befindet sich an der Lage mit GK-Koordinaten Y = 406 725, X = 149 200, auf dem Grundst\u00fcck mit der Parzellennummer 196-12, Katastralgemeinde Kranjska Gora, welches sich in einem Trinkwasserschutzgebiet befindet, das durch die Verordnung \u00fcber den Schutz der Wasserquellen und Ma\u00dfnahmen zum Schutz des Trinkwassers in der Gemeinde Kranjska Gora f\u00fcr das Objekt Hotel Kranjska Gora gesch\u00fctzt ist \u2013 <a class=\"decorated-link\" href=\"https:\/\/obcina.kranjska-gora.si\/act\/26864\" target=\"_new\" rel=\"noopener\" data-start=\"1230\" data-end=\"1271\">https:\/\/obcina.kranjska-gora.si\/act\/26864<\/a>.<br data-start=\"1272\" data-end=\"1275\" \/>ANZAHL DER VERSORGTEN NUTZER: G\u00e4ste und Mitarbeiter des Hotels Kranjska Gora \u2013 abh\u00e4ngig von der Auslastung \u2013 maximal 180 Personen.<br data-start=\"1409\" data-end=\"1412\" \/>LAGE UND ART DES NAT\u00dcRLICHEN WASSERS: Brunnenbohrung auf einer Wiese am Waldrand \u2013 Grundwasser<br data-start=\"1510\" data-end=\"1513\" \/>ARTEN DER WASSERAUFBEREITUNG IM WASSERVERSORGUNGSSYSTEM (DESINFEKTION, KOAGULATION, FILTRATION): Das Trinkwasser des individuellen Wasserversorgungssystems wird vor der Nutzung w\u00e4hrend der Verteilung nicht behandelt.<br data-start=\"1733\" data-end=\"1736\" \/>TECHNISCHE DATEN DES WASSERVERSORGUNGSSYSTEMS \u2013 FASSUNG (BRUNNENBOHRUNG): Anzahl der ANLAGEN: 1 (mit Absperrventilen und elektrischer Versorgung \u2013 in einem unterirdischen Stahlbetonschacht)<br data-start=\"1929\" data-end=\"1932\" \/>TECHNISCHE DATEN DES WASSERVERSORGUNGSSYSTEMS \u2013 ROHRLEITUNG: Gesamtl\u00e4nge der Rohrleitung: ca. 200 m<\/p><p data-start=\"2039\" data-end=\"2582\"><strong data-start=\"2039\" data-end=\"2160\">3.) Ergebnisse der \u00dcberwachung der Trinkwasserqualit\u00e4t des internen Wasserversorgungssystems des Hotels Kranjska Gora<br \/><\/strong><br data-start=\"2160\" data-end=\"2163\" \/>Im internen Wasserversorgungssystem werden Trinkwasseranalysen wie folgt durchgef\u00fchrt: 3 x j\u00e4hrlich mikrobiologische Analysen des Trinkwassers, 1 x j\u00e4hrlich chemische Analysen des Trinkwassers an der Brunnenbohrung.<br data-start=\"2378\" data-end=\"2381\" \/>Die Ergebnisse der Trinkwasser\u00fcberwachung f\u00fcr die Parameter A, B, C des Anhangs 1 der Trinkwasserverordnung sowie weitere chemische Parameter sind unter folgendem Link verf\u00fcgbar: <strong data-start=\"2560\" data-end=\"2580\"><a href=\"https:\/\/eh.si\/spremljanje-kakovosti-pitne-vode\/\">MESSERGEBNISSE<\/a><\/strong><\/p><p data-start=\"2584\" data-end=\"3953\"><strong data-start=\"2584\" data-end=\"2754\">4.) Erkannte Risiken bei der Trinkwasserversorgung \u2013 Informationen \u00fcber m\u00f6gliche Gefahren f\u00fcr die menschliche Gesundheit sowie allgemeine Anweisungen und Empfehlungen<br \/><\/strong><br data-start=\"2754\" data-end=\"2757\" \/>Im Bereich des Wasserversorgungssystems des Hotels Kranjska Gora wurden seitens des Betreibers des Wasserversorgungssystems folgende Risiken bei der Trinkwasserversorgung erkannt:<br data-start=\"2936\" data-end=\"2939\" \/>Eine Verunreinigung des Trinkwassers kann durch einen \u00fcberm\u00e4\u00dfigen Anstieg des Grundwassers oder infolge unsachgem\u00e4\u00dfer landwirtschaftlicher Nutzung und Bewirtschaftung der umliegenden Fl\u00e4chen, durch extreme Wetterbedingungen wie z. B. starke Regenf\u00e4lle sowie intensives Schneeschmelzen auftreten. Da es sich um eine Wasserfassung handelt, besteht die M\u00f6glichkeit des Eindringens von Oberfl\u00e4chenwasser in das Grundwasser.<br data-start=\"3358\" data-end=\"3361\" \/>Nat\u00fcrliche und andere Katastrophen (\u00dcberschwemmungen, Erdbeben, Auslaufen von Stoffen usw.) sowie andere unvorhersehbare Ereignisse mit der M\u00f6glichkeit einer Trinkwasserverunreinigung.<br data-start=\"3545\" data-end=\"3548\" \/>Ein weiteres gesundheitliches Risiko im Zusammenhang mit dem Konsum von Trinkwasser stellt die Kontamination des Wassers mit tierischen oder menschlichen Ausscheidungen (F\u00e4kalien) dar.<br data-start=\"3732\" data-end=\"3735\" \/>Auftreten oder Verdacht auf einen Ausbruch \/ eine wasserbedingte Epidemie.<br data-start=\"3809\" data-end=\"3812\" \/>Eine Verunreinigung kann durch Rohrleitungsbr\u00fcche, infolge von Wartungsarbeiten sowie durch ver\u00e4nderten Druck in der Rohrleitung entstehen.<\/p><p data-start=\"3955\" data-end=\"5870\"><strong data-start=\"3955\" data-end=\"4198\">5.) Zum Zweck der Vermeidung gesundheitlicher Risiken aufgrund der Bedingungen in der internen Wasserversorgungsanlage wird den Nutzern empfohlen, sich mit den von NIJZ ver\u00f6ffentlichten Anweisungen vertraut zu machen und diese zu befolgen.<br \/><\/strong><br data-start=\"4198\" data-end=\"4201\" \/><a class=\"decorated-link\" href=\"https:\/\/nijz.si\/moje-okolje\/pitna-voda\/priporocila-navodila-in-mnenja-za-pitno-vodo\/\" target=\"_new\" rel=\"noopener\" data-start=\"4201\" data-end=\"4285\">https:\/\/nijz.si\/moje-okolje\/pitna-voda\/priporocila-navodila-in-mnenja-za-pitno-vodo\/<\/a><br \/><br data-start=\"4285\" data-end=\"4288\" \/>NIJZ \u2013 Nationales Institut f\u00fcr \u00f6ffentliche Gesundheit ist eine vom Staat autorisierte Institution, die Empfehlungen zur Umsetzung einer sicheren Wasserversorgung, zur Gew\u00e4hrleistung gesundheitlich einwandfreien Trinkwassers sowie Empfehlungen f\u00fcr das Vorgehen in Notfallsituationen abgibt.<br data-start=\"4577\" data-end=\"4580\" \/>Empfehlungen im Bereich Trinkwasser sind auf deren Website verf\u00fcgbar: <a class=\"decorated-link\" href=\"https:\/\/nijz.si\/moje-okolje\/pitna-voda\/\" target=\"_new\" rel=\"noopener\" data-start=\"4650\" data-end=\"4689\">https:\/\/nijz.si\/moje-okolje\/pitna-voda\/<\/a>, wo Sie folgende Empfehlungen finden:<br data-start=\"4727\" data-end=\"4730\" \/>\u00b7 Empfehlungen f\u00fcr Eigent\u00fcmer von Geb\u00e4uden zur Wartung der internen Wasserversorgungsanlagen<br data-start=\"4831\" data-end=\"4834\" \/>\u00b7 Empfehlungen f\u00fcr Eigent\u00fcmer von Geb\u00e4uden zu Ma\u00dfnahmen zur Verringerung und Beseitigung von Risiken, wenn die Ursache der Nichtkonformit\u00e4t des Trinkwassers die interne Wasserversorgungsanlage ist<br data-start=\"5039\" data-end=\"5042\" \/>\u00b7 Empfehlungen f\u00fcr Eigent\u00fcmer von Geb\u00e4uden zu Ma\u00dfnahmen zur Verringerung und Beseitigung von Risiken, wenn die Ursache erh\u00f6hter Bleikonzentrationen im Trinkwasser die interne Wasserversorgungsanlage ist<br data-start=\"5253\" data-end=\"5256\" \/>\u00b7 Verhinderung der Vermehrung von Legionellen in internen Wasserversorgungsanlagen<br data-start=\"5347\" data-end=\"5350\" data-is-only-node=\"\" \/>\u00b7 Empfehlungen zur Durchf\u00fchrung eines thermischen Schocks (W\u00e4rmedesinfektion) zur Kontrolle der Vermehrung von Legionellen in internen Wasserversorgungsanlagen<br data-start=\"5518\" data-end=\"5521\" \/>\u00b7 Empfehlungen f\u00fcr das Vorgehen bei der Trinkwasserversorgung mittels Tankwagen<br data-start=\"5609\" data-end=\"5612\" \/>\u00b7 Empfehlungen f\u00fcr den hygienischen Umgang und die Lagerung von Trinkwasser bei der Endverteilung mittels Tankwagen<br data-start=\"5736\" data-end=\"5739\" \/>\u00b7 Anweisungen zum Abkochen von Wasser<br data-start=\"5785\" data-end=\"5788\" \/>\u00b7 Empfehlungen zur Wassernutzung bei Anordnung des Abkochens von Wasser<\/p><p data-start=\"5872\" data-end=\"8336\"><strong data-start=\"5872\" data-end=\"5931\">6.) Hinweise zum verantwortungsvollen Umgang mit Wasser<br \/><\/strong><br data-start=\"5931\" data-end=\"5934\" \/>Ein verantwortungsvoller Umgang mit Wasser bedeutet nicht nur Wassersparen, sondern auch den vern\u00fcnftigen Einsatz von Wasch-, Sp\u00fcl-, Kosmetik- und Reinigungsmitteln sowohl im Hotelbetrieb als auch w\u00e4hrend des Aufenthalts der G\u00e4ste im Hotel. Verantwortungsbewusstes Handeln bedeutet auch, dass \u00f6ffentliche Abwassersysteme (Toiletten) nicht als Abfalleimer genutzt werden. Im Gastronomiebereich streben wir eine rationelle Wassernutzung bei der Speisenzubereitung an, im Beherbergungsbereich eine rationelle Nutzung im Reinigungsprozess sowie die Reduzierung der Abfallmengen. Wir gehen auch dann verantwortungsvoll mit Wasser um, wenn wir Leitungswasser trinken.<br \/><br data-start=\"6595\" data-end=\"6598\" \/><strong data-start=\"6598\" data-end=\"6663\">Wie wir selbst zur Qualit\u00e4t des Trinkwassers beitragen k\u00f6nnen<br \/><\/strong><br data-start=\"6663\" data-end=\"6666\" \/>\u00b7 Die Verwendung von Wasch-, Sp\u00fcl- und Kosmetikmitteln so weit wie m\u00f6glich einschr\u00e4nken.<br data-start=\"6763\" data-end=\"6766\" \/>\u00b7 Gef\u00e4hrliche Stoffe nicht in den Boden, ins Wasser oder in die Kanalisation gie\u00dfen.<br data-start=\"6859\" data-end=\"6862\" \/>\u00b7 Gef\u00e4hrliche Stoffe im Reinigungsprozess vern\u00fcnftig einsetzen.<br data-start=\"6934\" data-end=\"6937\" \/>\u00b7 Trinkwasser geplant und in angemessenen Mengen verwenden.<br data-start=\"7005\" data-end=\"7008\" \/>\u00b7 Abf\u00e4lle konsequent trennen und nur Dinge kaufen, die wir wirklich ben\u00f6tigen, da f\u00fcr die Herstellung jedes Produkts Wasser ben\u00f6tigt wird.<br data-start=\"7155\" data-end=\"7158\" \/>\u00b7 Weidetiere sollten fern von Wasserschutzgebieten grasen, um eine f\u00e4kale Verunreinigung des Wassers zu verhindern.<br \/><br data-start=\"7282\" data-end=\"7285\" \/><strong data-start=\"7285\" data-end=\"7312\">Tipps zum Wassersparen:<br \/><\/strong><br data-start=\"7312\" data-end=\"7315\" \/>\u00b7 Den Wasserhahn beim Z\u00e4hneputzen schlie\u00dfen. Dadurch k\u00f6nnen pro Z\u00e4hneputzen bis zu 20 Liter Wasser eingespart werden. Beim Z\u00e4hneputzen den Hahn schlie\u00dfen und den Mund lieber mit Wasser aus einem Becher aussp\u00fclen.<br data-start=\"7536\" data-end=\"7539\" \/>\u00b7 Beim Rasieren den Rasierer in einem mit warmem Wasser gef\u00fcllten Waschbecken aussp\u00fclen und nicht unter flie\u00dfendem Wasser.<br data-start=\"7670\" data-end=\"7673\" \/>\u00b7 Anstelle eines Bades, f\u00fcr das etwa 250 Liter Wasser ben\u00f6tigt werden, lieber duschen und die Duschzeit begrenzen.<br data-start=\"7796\" data-end=\"7799\" \/>\u00b7 Taschent\u00fccher, Papier, Wattest\u00e4bchen, Kaffeesatz, Verpackungen, Medikamente und \u00c4hnliches nicht in der Toilette heruntersp\u00fclen.<br data-start=\"7937\" data-end=\"7940\" \/>\u00b7 Regelm\u00e4\u00dfige \u00dcberpr\u00fcfung der Wasserversorgungsanlage.<br data-start=\"8003\" data-end=\"8006\" \/>\u00b7 Regenwasser zum Gie\u00dfen verwenden.<br data-start=\"8050\" data-end=\"8053\" \/>\u00b7 Wasser, das zum Waschen von Gem\u00fcse oder Obst verwendet wurde, zum Gie\u00dfen von Pflanzen nutzen.<br data-start=\"8157\" data-end=\"8160\" \/>\u00b7 Schwimmbecken und Whirlpools w\u00e4hrend Trockenperioden nicht f\u00fcllen.<br data-start=\"8237\" data-end=\"8240\" \/>\u00b7 Verwendung von Wassersparaufs\u00e4tzen (Perlatoren bzw. Siebeins\u00e4tzen) an Wasserh\u00e4hnen.<\/p><p data-start=\"8338\" data-end=\"8425\"><strong data-start=\"8338\" data-end=\"8423\">7.) Anweisungen und Empfehlungen zur Wartung des internen Wasserversorgungsnetzes<\/strong><\/p><p data-start=\"8427\" data-end=\"10049\">W\u00e4hrend der Nebensaison oder bei Schlie\u00dfung des Hotels ist der Verbrauch von Trinkwasser reduziert oder unterbrochen. Daher besteht die M\u00f6glichkeit, dass in dieser Zeit entnommene Trinkwasserproben nicht konform sind. Das Nationale Institut f\u00fcr \u00f6ffentliche Gesundheit hat daher Anweisungen vorbereitet, wie in solchen F\u00e4llen vorzugehen ist:<br data-start=\"8767\" data-end=\"8770\" \/>\u00b7 Vor der Wiederer\u00f6ffnung des Hotels bzw. nach l\u00e4ngerer Nichtnutzung von Trinkwasser ist eine intensive Sp\u00fclung des Wasserversorgungsnetzes sicherzustellen. Es wird empfohlen, dieses 15 Minuten lang sto\u00dfweise mit turbulentem Durchfluss zu sp\u00fclen. Betreiber\/Nutzer des Objekts f\u00fchren Aufzeichnungen; mehr unter: Empfehlungen f\u00fcr Eigent\u00fcmer von Geb\u00e4uden zu Ma\u00dfnahmen zur Verringerung und Beseitigung von Risiken, wenn die Ursache der Nichtkonformit\u00e4t des Trinkwassers das hausinterne Wasserversorgungsnetz ist<br data-start=\"9286\" data-end=\"9289\" \/>\u00b7 Bei Eingriffen in das interne Netz wird eine Desinfektion empfohlen; mehr unter: Anweisungen zur Durchf\u00fchrung der Desinfektion des Wasserversorgungsnetzes<br data-start=\"9454\" data-end=\"9457\" \/>\u00b7 T\u00e4glich vor der ersten Nutzung sollte das Wasser an den Entnahmestellen mindestens 2 Minuten lang laufen oder so lange, bis sich die Wassertemperatur stabilisiert. Der Wasserstrahl sollte gleichm\u00e4\u00dfig, mittlerer St\u00e4rke und etwa bleistiftdick sein; mehr unter dem Link: Empfehlungen f\u00fcr Eigent\u00fcmer von Geb\u00e4uden zur Wartung der internen Wasserversorgungsanlage<br data-start=\"9825\" data-end=\"9828\" \/>\u00b7 Zur \u00dcberwachung des Zustands der Wasserfassungen werden regelm\u00e4\u00dfige monatliche Begehungen des Gebietes durchgef\u00fchrt, regelm\u00e4\u00dfiges M\u00e4hen des Grases an der Brunnenbohrung sowie die Reinigung des Brunnenschachtes<\/p><p data-start=\"10051\" data-end=\"10225\">\u00b7 Reinigung und Sp\u00fclung von Totleitungen \/ Abschnitten des Wasserversorgungsnetzes, Reinigung (Sp\u00fclung) und bei Bedarf thermischer Schock des Wasserversorgungsnetzes<\/p><p data-start=\"10227\" data-end=\"10526\">\u00b7 Regelm\u00e4\u00dfige \u00dcberwachung des Wasserdrucks im internen Wasserversorgungssystem<br data-start=\"10313\" data-end=\"10316\" \/>\u00b7 Regelm\u00e4\u00dfige Analysen des Trinkwassers werden durchgef\u00fchrt, und zwar: 3 x j\u00e4hrlich mikrobiologische Analysen des Trinkwassers, 1 x j\u00e4hrlich chemische Analysen des Trinkwassers an der Brunnenbohrung.<\/p><p data-start=\"10528\" data-end=\"10788\">Empfehlungen, Anweisungen und Stellungnahmen zum Thema Trinkwasser wurden vom Nationalen Institut f\u00fcr \u00f6ffentliche Gesundheit der Republik Slowenien erstellt; Website des Nationalen Instituts f\u00fcr \u00f6ffentliche Gesundheit: <a class=\"decorated-link\" href=\"https:\/\/nijz.si\/moje-okolje\/pitna-voda\/\" target=\"_new\" rel=\"noopener\" data-start=\"10747\" data-end=\"10786\">https:\/\/nijz.si\/moje-okolje\/pitna-voda\/<\/a><\/p><p data-start=\"10790\" data-end=\"10837\" data-is-last-node=\"\" data-is-only-node=\"\"><strong data-start=\"10790\" data-end=\"10837\" data-is-last-node=\"\">Hotel Kranjska Gora \u2013 Eurotas hoteli d.o.o.<br \/><br \/><img class=\"alignnone  wp-image-5108\" src=\"https:\/\/eh.si\/wp-content\/uploads\/2025\/04\/Logotip-Hotel-Kranjska-Gora.png\" alt=\"\" width=\"173\" height=\"105\" \/><br \/><\/strong><\/p><p data-start=\"10790\" data-end=\"10837\" data-is-last-node=\"\" data-is-only-node=\"\">\u00a0<\/p>\t\t\t\t\t\t\t<\/div>\r\n\t\t\t\t\t\t\t\t\t\t<\/div>\n\t\t\t\t<\/div>\n\t\t\t\t\t<\/div>\n\t\t\t\t<\/div>\n\t\t\t\t<\/div>\n\t\t","protected":false},"excerpt":{"rendered":"<p>Plan zur Information der Nutzer von Trinkwasser im internen Wasserversorgungssystem \u00a0 PLAN ZUR INFORMATION DER NUTZER VON TRINKWASSER IM INDIVIDUELLEN&#8230;<\/p>\n","protected":false},"author":4,"featured_media":35598,"parent":0,"menu_order":0,"comment_status":"closed","ping_status":"closed","template":"page-fullwidth.php","meta":{"footnotes":""},"class_list":["post-35528","page","type-page","status-publish","has-post-thumbnail"],"_links":{"self":[{"href":"https:\/\/eh.si\/de\/wp-json\/wp\/v2\/pages\/35528","targetHints":{"allow":["GET"]}}],"collection":[{"href":"https:\/\/eh.si\/de\/wp-json\/wp\/v2\/pages"}],"about":[{"href":"https:\/\/eh.si\/de\/wp-json\/wp\/v2\/types\/page"}],"author":[{"embeddable":true,"href":"https:\/\/eh.si\/de\/wp-json\/wp\/v2\/users\/4"}],"replies":[{"embeddable":true,"href":"https:\/\/eh.si\/de\/wp-json\/wp\/v2\/comments?post=35528"}],"version-history":[{"count":17,"href":"https:\/\/eh.si\/de\/wp-json\/wp\/v2\/pages\/35528\/revisions"}],"predecessor-version":[{"id":35694,"href":"https:\/\/eh.si\/de\/wp-json\/wp\/v2\/pages\/35528\/revisions\/35694"}],"wp:featuredmedia":[{"embeddable":true,"href":"https:\/\/eh.si\/de\/wp-json\/wp\/v2\/media\/35598"}],"wp:attachment":[{"href":"https:\/\/eh.si\/de\/wp-json\/wp\/v2\/media?parent=35528"}],"curies":[{"name":"wp","href":"https:\/\/api.w.org\/{rel}","templated":true}]}}